{"id":6704,"date":"2020-02-27T14:56:52","date_gmt":"2020-02-27T14:56:52","guid":{"rendered":"https:\/\/mvmnt.aventuri.nl\/?page_id=6704"},"modified":"2022-03-09T19:04:49","modified_gmt":"2022-03-09T18:04:49","slug":"kite-ausruestung","status":"publish","type":"page","link":"https:\/\/mvmnt.aventuri.nl\/de\/kitesurfen-niederlande\/kite-ausruestung\/","title":{"rendered":"Kite-ausr\u00fcstung"},"content":{"rendered":"\n<h1 class=\"wp-block-heading\">Kite-ausr\u00fcstung <\/h1>\n\n\n\n<p>Zum Kitesurfen brauchst du eine bestimmte Kite-Ausr\u00fcstung. F\u00fcr die einzelnen Teile gibt es ein enormes Angebot. Daher ist es praktisch, dass du in dem Kitesurfkurs die Ausr\u00fcstung von der Kiteschule gestellt bekommst. Auf diese Weise kannst du in der Kiteschule verschiedene Materialien ausprobieren. M\u00f6chtest du dir selbst eine Kite-Ausr\u00fcstung anschaffen? Dann solltest du dich von einem unserer TrainerInnen beraten lassen. M\u00f6chtest du schon etwas vorab wissen \u00fcber die Materialien, die du brauchst? Hier kannst du mehr dar\u00fcber lesen. <\/p>\n\n\n\n<div class=\"wp-block-media-text alignwide is-stacked-on-mobile\"><figure class=\"wp-block-media-text__media\"><img loading=\"lazy\" decoding=\"async\" width=\"333\" height=\"250\" src=\"http:\/\/mvmnt.aventuri.nl\/wp-content\/uploads\/2019\/04\/kitesurf-materiaal-kite.jpg\" alt=\"\" class=\"wp-image-3237 size-full\"\/><\/figure><div class=\"wp-block-media-text__content\">\n<p><strong>Kite<\/strong><br>Es gibt unglaublich viele verschiedene Kites. Welches Kite am besten f\u00fcr dich geeignet ist, h\u00e4ngt von deinem K\u00f6rpergewicht und deinem K\u00f6nnen ab und dar\u00fcber hinaus auch von der Windst\u00e4rke. F\u00fcr Anf\u00e4nger gibt es ein spezielles \u00dcbungskite. Au\u00dferdem kannst du w\u00e4hlen zwischen einem Foilkite und einem Tubekite. Fast alle Kitesurfer verwenden einen Tubekite, aber auch hier gibt wieder verschiedene Arten, Gr\u00f6\u00dfen und Marken. Unser Tipp: Probiere erst ein paar Kites aus und lass dich beraten!<\/p>\n<\/div><\/div>\n\n\n\n<br>\n\n\n\n<div class=\"wp-block-media-text alignwide is-stacked-on-mobile\"><figure class=\"wp-block-media-text__media\"><img loading=\"lazy\" decoding=\"async\" width=\"356\" height=\"250\" src=\"http:\/\/mvmnt.aventuri.nl\/wp-content\/uploads\/2019\/04\/kitesurf-materiaal-board.jpg\" alt=\"\" class=\"wp-image-3241 size-full\"\/><\/figure><div class=\"wp-block-media-text__content\">\n<p><strong>Board<br><\/strong> Auch bei den Boards gibt es viele verschiedene Arten, Gr\u00f6\u00dfen und Marken. Im Allgemeinen sind gr\u00f6\u00dfere Boards besser f\u00fcr Anf\u00e4nger geeignet. Je gr\u00f6\u00dfer ein Kitesurf Board ist, desto einfacher ist es, upwind zu fahren. Mit einem kleineren Board ist man wendiger und hat man mehr Kraft. Aber die richtige Gr\u00f6\u00dfe h\u00e4ngt auch von dem K\u00f6rpergewicht ab. Kleinere Menschen brauchen ein kleineres Board. Die meisten Boards sind zwischen 130 und 148 cm lang. <\/p>\n<\/div><\/div>\n\n\n\n<br>\n\n\n\n<div class=\"wp-block-media-text alignwide is-stacked-on-mobile\"><figure class=\"wp-block-media-text__media\"><img loading=\"lazy\" decoding=\"async\" width=\"323\" height=\"250\" src=\"http:\/\/mvmnt.aventuri.nl\/wp-content\/uploads\/2019\/04\/kitesurf-materiaal-bar-en-trapeze.jpg\" alt=\"\" class=\"wp-image-3244 size-full\"\/><\/figure><div class=\"wp-block-media-text__content\">\n<p><strong>Bar &amp; Trapeze<br><\/strong>Mit dem Bar steuerst du das Kite. Bar nennt man die Steuerungsleinen, die an dem Kite befestigt sind. Diese sind wiederum mit einem Sicherungssystem mit dem Trapez \/ Gurt verbunden. Das Trapez ist eine Art Gurtzeug, das du dir um die H\u00fcfte schnallst. Das Trapez ist mit dem Kite verbunden. Anf\u00e4nger nutzen meist ein Sitztrapez, weil sich das nicht nach oben verschiebt. Erfahrene Kitesurfer nehmen oft ein Trapez. Dieses Trapez sitzt besser und belastet nicht so sehr, es kann sich allerdings nach oben verschieben. <\/p>\n<\/div><\/div>\n\n\n\n<br>\n\n\n\n<p><strong>Neoprenanzug<\/strong><br>Einen Neoprenanzug brauchst du immer.&nbsp;Sogar im Sommer. Die meisten Neoprenanz\u00fcge sind semidry. Neopren ist flexibler als Gummi. Semidry bedeutet, dass dein K\u00f6rper die Wasserschicht, die sich zwischen dir und dem Neoprenanzug befindet, erw\u00e4rmt. Die Dicke des Neoprenanzugs wird in mm, z. B. 5\/4 angegeben. Die erste Zahl gibt die Dicke des Neoprenanzugs am K\u00f6rper an. Die zweite Zahl gibt die Dicke an Armen und Beinen an. Dar\u00fcber hinaus kannst du dich entscheiden f\u00fcr einen Frontzip oder einen Backzip, wobei dir ein Frontzip etwas mehr Bewegungsfreiheit l\u00e4sst.<\/p>\n\n\n\n<br>\n\n\n\n<p>Neben diesen Aspekten ist es auch sehr wichtig, dass der Neoprenanzug gut passt. Ein Neoprenanzug muss eng sitzen. Ein Neoprenanzug h\u00e4lt ungef\u00e4hr 2 Jahre, deswegen ist es nicht empfehlenswert, einen gebrauchten Neoprenanzug zu kaufen.<\/p>\n\n\n\n<br>\n\n\n\n<h2 class=\"wp-block-heading\"><strong>Die \u00fcbrige Kite-Ausr\u00fcstung und Zubeh\u00f6r:<\/strong><\/h2>\n\n\n\n<ul class=\"wp-block-list\"><li>F\u00fcr die Sicherheit: eine Rettungsweste und ein Helm<\/li><li>Im Winter: Schuhe, Handschuhe und eine Kappe<\/li><li>Flair \/ Leuchtgranate: in Belgien Pflicht und in den Niederlanden dringend empfohlen.<\/li><li>Praktisch: eine wasserdichte Tasche f\u00fcr dein Handy und ein Windmesser<\/li><li>Go pro Kamera f\u00fcr tolle Filme<\/li><\/ul>\n\n\n\n<br><br>\n\n\n\n<br>\n\n\n\n<div class=\"content-postlist\">\n\t<div class=\"content-postlist-container clear\">\n\t\t\t\t\n\t\t<div class=\"postlist-item postlist-intro\" style=\"\">\n\t\t\t<h4>M\u00f6chten Sie mehr wissen?<\/h4>\n\t\t\t<p><p><span>Hier finden Sie weitere Informationen zum Kitesurfen.<\/span><\/p>\n<\/p>\n\t\t\t\t\t\t<a href=\"\/de\/kitesurfen-niederlande\/\" class=\"postlist-link\"><span class=\"icon-angle-double-right link-icon\"><\/span>Kitesurfen Niederlande<\/a>\t\t\t\n\t\t\t\t\t<\/div>\n\t\t\t\t<div class=\"postlist-item\"><div class=\"postlist-item-con\"><img loading=\"lazy\" decoding=\"async\" width=\"600\" height=\"600\" src=\"https:\/\/mvmnt.aventuri.nl\/wp-content\/uploads\/2019\/02\/Kite-folder-foto-600x600.jpg\" class=\"attachment-thumbnail size-thumbnail wp-post-image\" alt=\"\" \/><a href=\"https:\/\/mvmnt.aventuri.nl\/de\/kitesurfen-niederlande\/ueber-kitesurfing\/\" class=\"postlist-item-text\"><h5>\u00dcber Kitesurfing<\/h5><\/a><\/div><\/div><div class=\"postlist-item\"><div class=\"postlist-item-con\"><img loading=\"lazy\" decoding=\"async\" width=\"600\" height=\"600\" src=\"https:\/\/mvmnt.aventuri.nl\/wp-content\/uploads\/2019\/02\/Kiteles-4-600x600.jpg\" class=\"attachment-thumbnail size-thumbnail wp-post-image\" alt=\"\" \/><a href=\"https:\/\/mvmnt.aventuri.nl\/de\/kitesurfen-niederlande\/kitesurfen-regeln\/\" class=\"postlist-item-text\"><h5>Kitesurfen-Regeln<\/h5><\/a><\/div><\/div><div class=\"postlist-item\"><div class=\"postlist-item-con\"><img loading=\"lazy\" decoding=\"async\" width=\"600\" height=\"600\" src=\"https:\/\/mvmnt.aventuri.nl\/wp-content\/uploads\/2019\/02\/Surf-folder-foto-600x600.jpg\" class=\"attachment-thumbnail size-thumbnail wp-post-image\" alt=\"\" \/><a href=\"https:\/\/mvmnt.aventuri.nl\/de\/kitesurfen-niederlande\/warum-kiten-lernen\/\" class=\"postlist-item-text\"><h5>Warum Kiten Lernen?<\/h5><\/a><\/div><\/div>\t<\/div>\n<\/div>\n\n\n\n<div class=\"content-postlist\">\n\t<div class=\"content-postlist-container clear\">\n\t\t\t\t\n\t\t<div class=\"postlist-item postlist-intro\" style=\"\">\n\t\t\t<h4>Kitesurfkurs folgen?<\/h4>\n\t\t\t<p><p><span>Hier finden Sie weitere Informationen zum Kitesurfkurse.<\/span><\/p>\n<\/p>\n\t\t\t\t\t\t<a href=\"\/de\/kitesurfen-niederlande\/\" class=\"postlist-link\"><span class=\"icon-angle-double-right link-icon\"><\/span>Kitesurfen Niederlande<\/a>\t\t\t\n\t\t\t\t\t<\/div>\n\t\t\t\t<div class=\"postlist-item\"><div class=\"postlist-item-con\"><img loading=\"lazy\" decoding=\"async\" width=\"600\" height=\"600\" src=\"https:\/\/mvmnt.aventuri.nl\/wp-content\/uploads\/2019\/05\/20190504-movementsports-kite-255-600x600.jpg\" class=\"attachment-thumbnail size-thumbnail wp-post-image\" alt=\"\" \/><a href=\"https:\/\/mvmnt.aventuri.nl\/de\/kitesurfen-niederlande\/\" class=\"postlist-item-text\"><h5>Kitesurfen Niederlande<\/h5><\/a><\/div><\/div><div class=\"postlist-item\"><div class=\"postlist-item-con\"><img loading=\"lazy\" decoding=\"async\" width=\"600\" height=\"600\" src=\"https:\/\/mvmnt.aventuri.nl\/wp-content\/uploads\/2019\/02\/Kiteles-5-600x600.jpg\" class=\"attachment-thumbnail size-thumbnail wp-post-image\" alt=\"\" \/><a href=\"https:\/\/mvmnt.aventuri.nl\/de\/kitesurfen-niederlande\/faq-kitesurfkurs-zeeland\/\" class=\"postlist-item-text\"><h5>FAQ Kitesurfkurs Zeeland<\/h5><\/a><\/div><\/div><div class=\"postlist-item\"><div class=\"postlist-item-con\"><img loading=\"lazy\" decoding=\"async\" width=\"600\" height=\"600\" src=\"https:\/\/mvmnt.aventuri.nl\/wp-content\/uploads\/2019\/02\/Vera-kite-roompot-600x600.jpg\" class=\"attachment-thumbnail size-thumbnail wp-post-image\" alt=\"\" \/><a href=\"https:\/\/mvmnt.aventuri.nl\/de\/kitesurfen-niederlande\/iko-vdws-kiteschule-holland\/\" class=\"postlist-item-text\"><h5>IKO &#038; VDWS kiteschule Holland<\/h5><\/a><\/div><\/div>\t<\/div>\n<\/div>\n\n\n\n<br>\n\n\n\n<div class=\"content-prijslijst alignfull\" style=\"background-color: #00aeef; \">\n\t<div class=\"content-prijslijst-container clear\">\n\t\t<div class=\"prijslijst-item\"><div class=\"prijslijst-item-con\" style=\"background-color: #ffffff;\"><h5 style=\"color: #00aeef;\">Kitesurfkurs Privat<\/h5><span style=\"color: #00aeef;\" class=\"prijslijst-icon\"><span class=\"icon-male\"><\/span><\/span><span class=\"omschrijving\"><p><span>Ein oder mehrere Kitesurfkurse ganz zugeschnitten auf Ihr Niveau!<\/span><\/p>\n<\/span><div class=\"prijs\">&euro;160<span class=\"prijs-sub\">2,5 Stunden<\/span><\/div><a class=\"link\" style=\"background-color: #00aeef; color: #ffffff;\" \" href=\"\/de\/kitesurfen-niederlande\/privat-kitekurs-zeeland\/\">Lesen Sie mehr<\/a><\/div><\/div><div class=\"prijslijst-item\"><div class=\"prijslijst-item-con\" style=\"background-color: #ffffff;\"><h5 style=\"color: #00aeef;\">Kitesurfkurs Duo<\/h5><span style=\"color: #00aeef;\" class=\"prijslijst-icon\"><span class=\"icon-male\"><\/span><span class=\"icon-male\"><\/span><\/span><span class=\"omschrijving\"><p><span>Kitesurfen lernen in Gruppe von 2 Personnen.<\/span><\/p>\n<\/span><div class=\"prijs\">&euro;100<span class=\"prijs-sub\">2,5 Stunden<\/span><\/div><a class=\"link\" style=\"background-color: #00aeef; color: #ffffff;\" \" href=\"\/de\/kitesurfen-niederlande\/kitesurfkurs-duo-zeeland\/\">Lesen Sie mehr<\/a><\/div><\/div><div class=\"prijslijst-item\"><div class=\"prijslijst-item-con\" style=\"background-color: #ffffff;\"><h5 style=\"color: #00aeef;\">Kitesurfkurs Gruppen<\/h5><span style=\"color: #00aeef;\" class=\"prijslijst-icon\"><span class=\"icon-male\"><\/span><span class=\"icon-male\"><\/span><span class=\"icon-male\"><\/span><\/span><span class=\"omschrijving\"><p><span>Kitesurfen lernen in Gruppe von 3 Personnen.<\/span><\/p>\n<\/span><div class=\"prijs\">&euro;90<span class=\"prijs-sub\">2,5 Stunden<\/span><\/div><a class=\"link\" style=\"background-color: #00aeef; color: #ffffff;\" \" href=\"\/de\/kitesurfen-niederlande\/kitekurs-gruppen-zeeland\/\">Lesen Sie mehr<\/a><\/div><\/div><div class=\"prijslijst-item\"><div class=\"prijslijst-item-con\" style=\"background-color: #ffffff;\"><h5 style=\"color: #00aeef;\">Kitesurfkurs Kids<\/h5><span style=\"color: #00aeef;\" class=\"prijslijst-icon\"><span class=\"icon-child\"><\/span><\/span><span class=\"omschrijving\"><p><span>Kitesurfen lernen nur f\u00fcr Kinder.<\/span><\/p>\n<\/span><div class=\"prijs\">&euro;80<span class=\"prijs-sub\">2,5 Stunden<\/span><\/div><a class=\"link\" style=\"background-color: #00aeef; color: #ffffff;\" \" href=\"\/de\/kitesurfen-niederlande\/kitesurfkurs-kids-zeeland\/\">Lesen Sie mehr<\/a><\/div><\/div>\t<\/div>\n<\/div>\n","protected":false},"excerpt":{"rendered":"<p>Kite-ausr\u00fcstung Zum Kitesurfen brauchst du eine bestimmte Kite-Ausr\u00fcstung. F\u00fcr die einzelnen Teile gibt es ein enormes Angebot. Daher ist es praktisch, dass du in dem Kitesurfkurs die Ausr\u00fcstung von der Kiteschule gestellt bekommst. Auf diese Weise kannst du in der Kiteschule verschiedene Materialien ausprobieren. M\u00f6chtest du dir selbst eine Kite-Ausr\u00fcstung anschaffen? Dann solltest du dich [&hellip;]<\/p>\n","protected":false},"author":2,"featured_media":2480,"parent":6646,"menu_order":0,"comment_status":"closed","ping_status":"closed","template":"","meta":{"_acf_changed":false,"footnotes":""},"class_list":["post-6704","page","type-page","status-publish","has-post-thumbnail","hentry"],"acf":[],"yoast_head":"<!-- This site is optimized with the Yoast SEO plugin v25.6 - https:\/\/yoast.com\/wordpress\/plugins\/seo\/ -->\n<title>Kite-ausr\u00fcstung | IKO Kiteschule Movement Sports Zeeland, Holland<\/title>\n<meta name=\"description\" content=\"Welche Kite-Ausr\u00fcstung brauchst du? Und wie treffe ich die beste Wahl bei dem enormen Angebot? Hier findest du Informationen und unsere Tipps!\" \/>\n<meta name=\"robots\" content=\"index, follow, max-snippet:-1, max-image-preview:large, max-video-preview:-1\" \/>\n<link rel=\"canonical\" href=\"https:\/\/movementsports.nl\/de\/kitesurfen-niederlande\/kite-ausruestung\/\" \/>\n<meta property=\"og:locale\" content=\"de_DE\" \/>\n<meta property=\"og:type\" content=\"article\" \/>\n<meta property=\"og:title\" content=\"Kite-ausr\u00fcstung | IKO Kiteschule Movement Sports Zeeland, Holland\" \/>\n<meta property=\"og:description\" content=\"Welche Kite-Ausr\u00fcstung brauchst du? Und wie treffe ich die beste Wahl bei dem enormen Angebot? Hier findest du Informationen und unsere Tipps!\" \/>\n<meta property=\"og:url\" content=\"https:\/\/movementsports.nl\/de\/kitesurfen-niederlande\/kite-ausruestung\/\" \/>\n<meta property=\"og:site_name\" content=\"Aventuri Sports\" \/>\n<meta property=\"article:modified_time\" content=\"2022-03-09T18:04:49+00:00\" \/>\n<meta property=\"og:image\" content=\"https:\/\/movementsports.nl\/wp-content\/uploads\/2019\/02\/Kiteles-2.jpg\" \/>\n\t<meta property=\"og:image:width\" content=\"2048\" \/>\n\t<meta property=\"og:image:height\" content=\"1365\" \/>\n\t<meta property=\"og:image:type\" content=\"image\/jpeg\" \/>\n<meta name=\"twitter:card\" content=\"summary_large_image\" \/>\n<meta name=\"twitter:label1\" content=\"Gesch\u00e4tzte Lesezeit\" \/>\n\t<meta name=\"twitter:data1\" content=\"3\u00a0Minuten\" \/>\n<script type=\"application\/ld+json\" class=\"yoast-schema-graph\">{\"@context\":\"https:\/\/schema.org\",\"@graph\":[{\"@type\":\"WebPage\",\"@id\":\"https:\/\/movementsports.nl\/de\/kitesurfen-niederlande\/kite-ausruestung\/\",\"url\":\"https:\/\/movementsports.nl\/de\/kitesurfen-niederlande\/kite-ausruestung\/\",\"name\":\"Kite-ausr\u00fcstung | IKO Kiteschule Movement Sports Zeeland, Holland\",\"isPartOf\":{\"@id\":\"https:\/\/mvmnt.aventuri.nl\/#website\"},\"primaryImageOfPage\":{\"@id\":\"https:\/\/movementsports.nl\/de\/kitesurfen-niederlande\/kite-ausruestung\/#primaryimage\"},\"image\":{\"@id\":\"https:\/\/movementsports.nl\/de\/kitesurfen-niederlande\/kite-ausruestung\/#primaryimage\"},\"thumbnailUrl\":\"https:\/\/mvmnt.aventuri.nl\/wp-content\/uploads\/2019\/02\/Kiteles-2.jpg\",\"datePublished\":\"2020-02-27T14:56:52+00:00\",\"dateModified\":\"2022-03-09T18:04:49+00:00\",\"description\":\"Welche Kite-Ausr\u00fcstung brauchst du? Und wie treffe ich die beste Wahl bei dem enormen Angebot? Hier findest du Informationen und unsere Tipps!\",\"breadcrumb\":{\"@id\":\"https:\/\/movementsports.nl\/de\/kitesurfen-niederlande\/kite-ausruestung\/#breadcrumb\"},\"inLanguage\":\"de\",\"potentialAction\":[{\"@type\":\"ReadAction\",\"target\":[\"https:\/\/movementsports.nl\/de\/kitesurfen-niederlande\/kite-ausruestung\/\"]}]},{\"@type\":\"ImageObject\",\"inLanguage\":\"de\",\"@id\":\"https:\/\/movementsports.nl\/de\/kitesurfen-niederlande\/kite-ausruestung\/#primaryimage\",\"url\":\"https:\/\/mvmnt.aventuri.nl\/wp-content\/uploads\/2019\/02\/Kiteles-2.jpg\",\"contentUrl\":\"https:\/\/mvmnt.aventuri.nl\/wp-content\/uploads\/2019\/02\/Kiteles-2.jpg\",\"width\":2048,\"height\":1365},{\"@type\":\"BreadcrumbList\",\"@id\":\"https:\/\/movementsports.nl\/de\/kitesurfen-niederlande\/kite-ausruestung\/#breadcrumb\",\"itemListElement\":[{\"@type\":\"ListItem\",\"position\":1,\"name\":\"Home\",\"item\":\"https:\/\/movementsports.nl\/de\/\"},{\"@type\":\"ListItem\",\"position\":2,\"name\":\"Kitesurfen Niederlande\",\"item\":\"https:\/\/movementsports.nl\/de\/kitesurfen-niederlande\/\"},{\"@type\":\"ListItem\",\"position\":3,\"name\":\"Kite-ausr\u00fcstung\"}]},{\"@type\":\"WebSite\",\"@id\":\"https:\/\/mvmnt.aventuri.nl\/#website\",\"url\":\"https:\/\/mvmnt.aventuri.nl\/\",\"name\":\"Aventuri Sports\",\"description\":\"Groepsactiviteiten, parakiten, kitesurfen en groepsreizen\",\"publisher\":{\"@id\":\"https:\/\/mvmnt.aventuri.nl\/#organization\"},\"potentialAction\":[{\"@type\":\"SearchAction\",\"target\":{\"@type\":\"EntryPoint\",\"urlTemplate\":\"https:\/\/mvmnt.aventuri.nl\/?s={search_term_string}\"},\"query-input\":{\"@type\":\"PropertyValueSpecification\",\"valueRequired\":true,\"valueName\":\"search_term_string\"}}],\"inLanguage\":\"de\"},{\"@type\":\"Organization\",\"@id\":\"https:\/\/mvmnt.aventuri.nl\/#organization\",\"name\":\"Aventuri Sports\",\"url\":\"https:\/\/mvmnt.aventuri.nl\/\",\"logo\":{\"@type\":\"ImageObject\",\"inLanguage\":\"de\",\"@id\":\"https:\/\/mvmnt.aventuri.nl\/#\/schema\/logo\/image\/\",\"url\":\"https:\/\/mvmnt.aventuri.nl\/wp-content\/uploads\/2026\/01\/cropped-Logo-AV.png\",\"contentUrl\":\"https:\/\/mvmnt.aventuri.nl\/wp-content\/uploads\/2026\/01\/cropped-Logo-AV.png\",\"width\":267,\"height\":290,\"caption\":\"Aventuri Sports\"},\"image\":{\"@id\":\"https:\/\/mvmnt.aventuri.nl\/#\/schema\/logo\/image\/\"}}]}<\/script>\n<!-- \/ Yoast SEO plugin. -->","yoast_head_json":{"title":"Kite-ausr\u00fcstung | IKO Kiteschule Movement Sports Zeeland, Holland","description":"Welche Kite-Ausr\u00fcstung brauchst du? Und wie treffe ich die beste Wahl bei dem enormen Angebot? Hier findest du Informationen und unsere Tipps!","robots":{"index":"index","follow":"follow","max-snippet":"max-snippet:-1","max-image-preview":"max-image-preview:large","max-video-preview":"max-video-preview:-1"},"canonical":"https:\/\/movementsports.nl\/de\/kitesurfen-niederlande\/kite-ausruestung\/","og_locale":"de_DE","og_type":"article","og_title":"Kite-ausr\u00fcstung | IKO Kiteschule Movement Sports Zeeland, Holland","og_description":"Welche Kite-Ausr\u00fcstung brauchst du? Und wie treffe ich die beste Wahl bei dem enormen Angebot? Hier findest du Informationen und unsere Tipps!","og_url":"https:\/\/movementsports.nl\/de\/kitesurfen-niederlande\/kite-ausruestung\/","og_site_name":"Aventuri Sports","article_modified_time":"2022-03-09T18:04:49+00:00","og_image":[{"width":2048,"height":1365,"url":"https:\/\/movementsports.nl\/wp-content\/uploads\/2019\/02\/Kiteles-2.jpg","type":"image\/jpeg"}],"twitter_card":"summary_large_image","twitter_misc":{"Gesch\u00e4tzte Lesezeit":"3\u00a0Minuten"},"schema":{"@context":"https:\/\/schema.org","@graph":[{"@type":"WebPage","@id":"https:\/\/movementsports.nl\/de\/kitesurfen-niederlande\/kite-ausruestung\/","url":"https:\/\/movementsports.nl\/de\/kitesurfen-niederlande\/kite-ausruestung\/","name":"Kite-ausr\u00fcstung | IKO Kiteschule Movement Sports Zeeland, Holland","isPartOf":{"@id":"https:\/\/mvmnt.aventuri.nl\/#website"},"primaryImageOfPage":{"@id":"https:\/\/movementsports.nl\/de\/kitesurfen-niederlande\/kite-ausruestung\/#primaryimage"},"image":{"@id":"https:\/\/movementsports.nl\/de\/kitesurfen-niederlande\/kite-ausruestung\/#primaryimage"},"thumbnailUrl":"https:\/\/mvmnt.aventuri.nl\/wp-content\/uploads\/2019\/02\/Kiteles-2.jpg","datePublished":"2020-02-27T14:56:52+00:00","dateModified":"2022-03-09T18:04:49+00:00","description":"Welche Kite-Ausr\u00fcstung brauchst du? Und wie treffe ich die beste Wahl bei dem enormen Angebot? Hier findest du Informationen und unsere Tipps!","breadcrumb":{"@id":"https:\/\/movementsports.nl\/de\/kitesurfen-niederlande\/kite-ausruestung\/#breadcrumb"},"inLanguage":"de","potentialAction":[{"@type":"ReadAction","target":["https:\/\/movementsports.nl\/de\/kitesurfen-niederlande\/kite-ausruestung\/"]}]},{"@type":"ImageObject","inLanguage":"de","@id":"https:\/\/movementsports.nl\/de\/kitesurfen-niederlande\/kite-ausruestung\/#primaryimage","url":"https:\/\/mvmnt.aventuri.nl\/wp-content\/uploads\/2019\/02\/Kiteles-2.jpg","contentUrl":"https:\/\/mvmnt.aventuri.nl\/wp-content\/uploads\/2019\/02\/Kiteles-2.jpg","width":2048,"height":1365},{"@type":"BreadcrumbList","@id":"https:\/\/movementsports.nl\/de\/kitesurfen-niederlande\/kite-ausruestung\/#breadcrumb","itemListElement":[{"@type":"ListItem","position":1,"name":"Home","item":"https:\/\/movementsports.nl\/de\/"},{"@type":"ListItem","position":2,"name":"Kitesurfen Niederlande","item":"https:\/\/movementsports.nl\/de\/kitesurfen-niederlande\/"},{"@type":"ListItem","position":3,"name":"Kite-ausr\u00fcstung"}]},{"@type":"WebSite","@id":"https:\/\/mvmnt.aventuri.nl\/#website","url":"https:\/\/mvmnt.aventuri.nl\/","name":"Aventuri Sports","description":"Groepsactiviteiten, parakiten, kitesurfen en groepsreizen","publisher":{"@id":"https:\/\/mvmnt.aventuri.nl\/#organization"},"potentialAction":[{"@type":"SearchAction","target":{"@type":"EntryPoint","urlTemplate":"https:\/\/mvmnt.aventuri.nl\/?s={search_term_string}"},"query-input":{"@type":"PropertyValueSpecification","valueRequired":true,"valueName":"search_term_string"}}],"inLanguage":"de"},{"@type":"Organization","@id":"https:\/\/mvmnt.aventuri.nl\/#organization","name":"Aventuri Sports","url":"https:\/\/mvmnt.aventuri.nl\/","logo":{"@type":"ImageObject","inLanguage":"de","@id":"https:\/\/mvmnt.aventuri.nl\/#\/schema\/logo\/image\/","url":"https:\/\/mvmnt.aventuri.nl\/wp-content\/uploads\/2026\/01\/cropped-Logo-AV.png","contentUrl":"https:\/\/mvmnt.aventuri.nl\/wp-content\/uploads\/2026\/01\/cropped-Logo-AV.png","width":267,"height":290,"caption":"Aventuri Sports"},"image":{"@id":"https:\/\/mvmnt.aventuri.nl\/#\/schema\/logo\/image\/"}}]}},"_links":{"self":[{"href":"https:\/\/mvmnt.aventuri.nl\/de\/wp-json\/wp\/v2\/pages\/6704"}],"collection":[{"href":"https:\/\/mvmnt.aventuri.nl\/de\/wp-json\/wp\/v2\/pages"}],"about":[{"href":"https:\/\/mvmnt.aventuri.nl\/de\/wp-json\/wp\/v2\/types\/page"}],"author":[{"embeddable":true,"href":"https:\/\/mvmnt.aventuri.nl\/de\/wp-json\/wp\/v2\/users\/2"}],"replies":[{"embeddable":true,"href":"https:\/\/mvmnt.aventuri.nl\/de\/wp-json\/wp\/v2\/comments?post=6704"}],"version-history":[{"count":0,"href":"https:\/\/mvmnt.aventuri.nl\/de\/wp-json\/wp\/v2\/pages\/6704\/revisions"}],"up":[{"embeddable":true,"href":"https:\/\/mvmnt.aventuri.nl\/de\/wp-json\/wp\/v2\/pages\/6646"}],"wp:featuredmedia":[{"embeddable":true,"href":"https:\/\/mvmnt.aventuri.nl\/de\/wp-json\/wp\/v2\/media\/2480"}],"wp:attachment":[{"href":"https:\/\/mvmnt.aventuri.nl\/de\/wp-json\/wp\/v2\/media?parent=6704"}],"curies":[{"name":"wp","href":"https:\/\/api.w.org\/{rel}","templated":true}]}}