{"id":6689,"date":"2020-02-27T14:24:59","date_gmt":"2020-02-27T14:24:59","guid":{"rendered":"https:\/\/mvmnt.aventuri.nl\/?page_id=6689"},"modified":"2022-03-09T19:05:25","modified_gmt":"2022-03-09T18:05:25","slug":"ueber-kitesurfing","status":"publish","type":"page","link":"https:\/\/mvmnt.aventuri.nl\/de\/kitesurfen-niederlande\/ueber-kitesurfing\/","title":{"rendered":"\u00dcber Kitesurfing"},"content":{"rendered":"\n<h1 class=\"wp-block-heading\">\u00dcber Kitesurfing<\/h1>\n\n\n\n<p>Kitesurfing ist ein fantastischer Wassersport, bei dem du mit dem Wind und der Natur spielst. Du stehst auf einem Board und l\u00e4sst dich von einem Kite ziehen. Der Kite ist mit einem Trapez mit deinem K\u00f6rper verbunden. Der Wind in dem Kite sorgt daf\u00fcr, dass du vorw\u00e4rtskommst. Je mehr du \u00fcbst, desto besser kannst du das Kite, und folglich auch dich selbst, in dem Wind steuern. Ein Kite besitzt enorme Kr\u00e4fte, die zu sehr hohen Geschwindigkeiten f\u00fchren k\u00f6nnen. Der Rekord liegt knapp \u00fcber 100 km\/h! Kitesurfing geh\u00f6rt deswegen zu der Kategorie der extremen Sportarten, aber es kann nat\u00fcrlich auch sehr sicher ausge\u00fcbt werden. Deswegen ist es so wichtig, dass du einen Kitesurfkurs besuchst, die Kitesurf-Regeln kennst und die richtige Ausr\u00fcstung benutzt. Dar\u00fcber hinaus solltest du dir einen sicheren Ort aussuchen und nicht alleine Kitesurfen gehen.<\/p>\n\n\n\n<br>\n\n\n\n<h2 class=\"wp-block-heading\">Kitesurfing oder Windsurfing?<\/h2>\n\n\n\n<p>Eigentlich ist Kitesurfing eine Variante des Windsurfings. Allerdings kann man wegen des Schirms mit dem Kite hoch und weit springen, das geht beim Windsurfing nicht. Beim Windsurfing kann man h\u00f6here Geschwindigkeiten erreichen, wenn der Wind stark genug ist. Es gibt Kitesurfer, die Windsurfing nicht m\u00f6gen und andersherum, aber eigentlich sollte man beides tun! Bei schwachem Wind kann man Kitesurfen und tolle Spr\u00fcnge machen. Bei starkem Wind kann man Windsurfen und hohe Geschwindigkeiten erreichen. Wir geben in beiden Sportarten Kurse und verkaufen und verleihen die Ausr\u00fcstung.<\/p>\n\n\n\n<br>\n\n\n\n<h2 class=\"wp-block-heading\">Kitesurfspots<\/h2>\n\n\n\n<p>Ein guter Kitesurfspot ist ein Must!&nbsp;Die Niederlande sind ideal zum Kitesurfen wegen der vielen Wasserwege und nat\u00fcrlich wegen des Windes. Besonders an der Nordseek\u00fcste weht der Wind oft sehr stark und es gibt lange Str\u00e4nde, an denen man Kitesurfen kann. Allerdings ist das Kitesurfen nicht \u00fcberall erlaubt. Kitesurfen auf Binnengew\u00e4ssern ist verboten, es sei denn, es gibt Ausnahmegenehmigungen. Du solltest dich dar\u00fcber im Voraus informieren. Andere Dinge, auf die du achten solltest:<\/p>\n\n\n\n<ul class=\"wp-block-list\"><li>Der Wind muss ablandig oder seitlich auf die Standlinie treffen und direkt      unter der Wasseroberfl\u00e4che d\u00fcrfen keine gef\u00e4hrlichen Hindernisse sein.<\/li><li>Du solltest dir einen Ort aussuchen, an dem du sicher in das Wasser hinein und heraus kannst und an dem du deinen Kite sicher starten und landen kannst.<\/li><\/ul>\n\n\n\n<br>\n\n\n\n<p>Movement Sports hat seinen Hauptstandort am Sophiastrand in Kamperland. Hier ist das Wasser nicht nur zum Strand hin flach, sondern auch noch weit ins Meer hinein. Deswegen ist hier der ideale Kitesurfspot.<\/p>\n\n\n\n<br>\n\n\n\n<h2 class=\"wp-block-heading\"><strong>Geschichte<\/strong><\/h2>\n\n\n\n<p>\u00dcber die Entstehung des Kitesurfings kursieren unterschiedliche Geschichten. Tatsache ist, dass 1977 das erste Kitesurf-Patent von dem Niederl\u00e4nder Gijsbertus Panhuise beantragt wurde. Erst 1993 kamen die ersten Kites f\u00fcr Privatpersonen auf den Markt und 1998 entwickelte sich das Kitesurfen zu einem neuen Sport, der jetzt (2016) die am schnellsten wachsende Sportart ist.<br><\/p>\n\n\n\n<br><br>\n\n\n\n<br>\n\n\n\n<div class=\"wp-block-themepunch-revslider revslider\" style=\"\"><\/div>\n\n\n\n<div class=\"content-postlist\">\n\t<div class=\"content-postlist-container clear\">\n\t\t\t\t\n\t\t<div class=\"postlist-item postlist-intro\" style=\"\">\n\t\t\t<h4>Kitesurfkurs folgen?<\/h4>\n\t\t\t<p><p><span>Hier finden Sie weitere Informationen zum Kitesurfkurse.<\/span><\/p>\n<\/p>\n\t\t\t\t\t\t<a href=\"\/de\/kitesurfen-niederlande\/\" class=\"postlist-link\"><span class=\"icon-angle-double-right link-icon\"><\/span>Kitesurfen Niederlande<\/a>\t\t\t\n\t\t\t\t\t<\/div>\n\t\t\t\t<div class=\"postlist-item\"><div class=\"postlist-item-con\"><img loading=\"lazy\" decoding=\"async\" width=\"600\" height=\"600\" src=\"https:\/\/mvmnt.aventuri.nl\/wp-content\/uploads\/2019\/02\/Kiteles-4-600x600.jpg\" class=\"attachment-thumbnail size-thumbnail wp-post-image\" alt=\"\" \/><a href=\"https:\/\/mvmnt.aventuri.nl\/de\/kitesurfen-niederlande\/kitesurfen-regeln\/\" class=\"postlist-item-text\"><h5>Kitesurfen-Regeln<\/h5><\/a><\/div><\/div><div class=\"postlist-item\"><div class=\"postlist-item-con\"><img loading=\"lazy\" decoding=\"async\" width=\"600\" height=\"600\" src=\"https:\/\/mvmnt.aventuri.nl\/wp-content\/uploads\/2019\/02\/Kiteles-2-600x600.jpg\" class=\"attachment-thumbnail size-thumbnail wp-post-image\" alt=\"\" \/><a href=\"https:\/\/mvmnt.aventuri.nl\/de\/kitesurfen-niederlande\/kite-ausruestung\/\" class=\"postlist-item-text\"><h5>Kite-ausr\u00fcstung<\/h5><\/a><\/div><\/div><div class=\"postlist-item\"><div class=\"postlist-item-con\"><img loading=\"lazy\" decoding=\"async\" width=\"600\" height=\"600\" src=\"https:\/\/mvmnt.aventuri.nl\/wp-content\/uploads\/2019\/02\/Surf-folder-foto-600x600.jpg\" class=\"attachment-thumbnail size-thumbnail wp-post-image\" alt=\"\" \/><a href=\"https:\/\/mvmnt.aventuri.nl\/de\/kitesurfen-niederlande\/warum-kiten-lernen\/\" class=\"postlist-item-text\"><h5>Warum Kiten Lernen?<\/h5><\/a><\/div><\/div>\t<\/div>\n<\/div>\n\n\n\n<div class=\"content-postlist\">\n\t<div class=\"content-postlist-container clear\">\n\t\t\t\t\n\t\t<div class=\"postlist-item postlist-intro\" style=\"\">\n\t\t\t<h4>M\u00f6chten Sie mehr wissen?<\/h4>\n\t\t\t<p><p>Hier finden Sie weitere Informationen zum Kitesurfen.<\/p>\n<\/p>\n\t\t\t\t\t\t<a href=\"\/de\/kitesurfen-niederlande\/\" class=\"postlist-link\"><span class=\"icon-angle-double-right link-icon\"><\/span>Kitesurfen Niederlande<\/a>\t\t\t\n\t\t\t\t\t<\/div>\n\t\t\t\t<div class=\"postlist-item\"><div class=\"postlist-item-con\"><img loading=\"lazy\" decoding=\"async\" width=\"600\" height=\"600\" src=\"https:\/\/mvmnt.aventuri.nl\/wp-content\/uploads\/2019\/05\/20190504-movementsports-kite-255-600x600.jpg\" class=\"attachment-thumbnail size-thumbnail wp-post-image\" alt=\"\" \/><a href=\"https:\/\/mvmnt.aventuri.nl\/de\/kitesurfen-niederlande\/\" class=\"postlist-item-text\"><h5>Kitesurfen Niederlande<\/h5><\/a><\/div><\/div><div class=\"postlist-item\"><div class=\"postlist-item-con\"><img loading=\"lazy\" decoding=\"async\" width=\"600\" height=\"600\" src=\"https:\/\/mvmnt.aventuri.nl\/wp-content\/uploads\/2019\/02\/Kiteles-5-600x600.jpg\" class=\"attachment-thumbnail size-thumbnail wp-post-image\" alt=\"\" \/><a href=\"https:\/\/mvmnt.aventuri.nl\/de\/kitesurfen-niederlande\/faq-kitesurfkurs-zeeland\/\" class=\"postlist-item-text\"><h5>FAQ Kitesurfkurs Zeeland<\/h5><\/a><\/div><\/div><div class=\"postlist-item\"><div class=\"postlist-item-con\"><img loading=\"lazy\" decoding=\"async\" width=\"600\" height=\"600\" src=\"https:\/\/mvmnt.aventuri.nl\/wp-content\/uploads\/2019\/02\/Vera-kite-roompot-600x600.jpg\" class=\"attachment-thumbnail size-thumbnail wp-post-image\" alt=\"\" \/><a href=\"https:\/\/mvmnt.aventuri.nl\/de\/kitesurfen-niederlande\/iko-vdws-kiteschule-holland\/\" class=\"postlist-item-text\"><h5>IKO &#038; VDWS kiteschule Holland<\/h5><\/a><\/div><\/div>\t<\/div>\n<\/div>\n\n\n\n<br>\n\n\n\n<div class=\"content-prijslijst alignfull\" style=\"background-color: #00aeef; \">\n\t<div class=\"content-prijslijst-container clear\">\n\t\t<div class=\"prijslijst-item\"><div class=\"prijslijst-item-con\" style=\"background-color: #ffffff;\"><h5 style=\"color: #00aeef;\">Kitesurfkurs Privat<\/h5><span style=\"color: #00aeef;\" class=\"prijslijst-icon\"><span class=\"icon-male\"><\/span><\/span><span class=\"omschrijving\"><p><span>Ein oder mehrere Kitesurfkurse ganz zugeschnitten auf Ihr Niveau!<\/span><\/p>\n<\/span><div class=\"prijs\">&euro;160<span class=\"prijs-sub\">2,5 Stunden<\/span><\/div><a class=\"link\" style=\"background-color: #00aeef; color: #ffffff;\" \" href=\"\/de\/kitesurfen-niederlande\/privat-kitekurs-zeeland\/\">Lesen Sie mehr<\/a><\/div><\/div><div class=\"prijslijst-item\"><div class=\"prijslijst-item-con\" style=\"background-color: #ffffff;\"><h5 style=\"color: #00aeef;\">Kitesurfkurs Duo<\/h5><span style=\"color: #00aeef;\" class=\"prijslijst-icon\"><span class=\"icon-male\"><\/span><span class=\"icon-male\"><\/span><\/span><span class=\"omschrijving\"><p><span>Kitesurfen lernen in Gruppe von 2 Personnen.<\/span><\/p>\n<\/span><div class=\"prijs\">&euro;100<span class=\"prijs-sub\">2,5 Stunden<\/span><\/div><a class=\"link\" style=\"background-color: #00aeef; color: #ffffff;\" \" href=\"\/de\/kitesurfen-niederlande\/kitesurfkurs-duo-zeeland\/\">Lesen Sie mehr<\/a><\/div><\/div><div class=\"prijslijst-item\"><div class=\"prijslijst-item-con\" style=\"background-color: #ffffff;\"><h5 style=\"color: #00aeef;\">Kitesurfkurs Gruppen<\/h5><span style=\"color: #00aeef;\" class=\"prijslijst-icon\"><span class=\"icon-male\"><\/span><span class=\"icon-male\"><\/span><span class=\"icon-male\"><\/span><\/span><span class=\"omschrijving\"><p><span>Kitesurfen lernen in Gruppe von 3 Personnen.<\/span><\/p>\n<\/span><div class=\"prijs\">&euro;90<span class=\"prijs-sub\">2,5 Stunden<\/span><\/div><a class=\"link\" style=\"background-color: #00aeef; color: #ffffff;\" \" href=\"\/de\/kitesurfen-niederlande\/kitekurs-gruppen-zeeland\/\">Lesen Sie mehr<\/a><\/div><\/div><div class=\"prijslijst-item\"><div class=\"prijslijst-item-con\" style=\"background-color: #ffffff;\"><h5 style=\"color: #00aeef;\">Kitesurfkurs Kids<\/h5><span style=\"color: #00aeef;\" class=\"prijslijst-icon\"><span class=\"icon-child\"><\/span><\/span><span class=\"omschrijving\"><p><span>Kitesurfen lernen nur f\u00fcr Kinder.<\/span><\/p>\n<\/span><div class=\"prijs\">&euro;80<span class=\"prijs-sub\">2,5 Stunden<\/span><\/div><a class=\"link\" style=\"background-color: #00aeef; color: #ffffff;\" \" href=\"\/de\/kitesurfen-niederlande\/kitesurfkurs-kids-zeeland\/\">Lesen Sie mehr<\/a><\/div><\/div>\t<\/div>\n<\/div>\n","protected":false},"excerpt":{"rendered":"<p>\u00dcber Kitesurfing Kitesurfing ist ein fantastischer Wassersport, bei dem du mit dem Wind und der Natur spielst. Du stehst auf einem Board und l\u00e4sst dich von einem Kite ziehen. Der Kite ist mit einem Trapez mit deinem K\u00f6rper verbunden. Der Wind in dem Kite sorgt daf\u00fcr, dass du vorw\u00e4rtskommst. Je mehr du \u00fcbst, desto besser [&hellip;]<\/p>\n","protected":false},"author":2,"featured_media":2471,"parent":6646,"menu_order":0,"comment_status":"closed","ping_status":"closed","template":"","meta":{"_acf_changed":false,"footnotes":""},"class_list":["post-6689","page","type-page","status-publish","has-post-thumbnail","hentry"],"acf":[],"yoast_head":"<!-- This site is optimized with the Yoast SEO plugin v25.6 - https:\/\/yoast.com\/wordpress\/plugins\/seo\/ -->\n<title>\u00dcber Kitesurfing | IKO Kiteschule Movement Sports Zeeland, Holland<\/title>\n<meta name=\"description\" content=\"Was ist Kitesurfing, gehst du Kitesurfen oder Windsurfen und worauf musst du achten? Au\u00dferdem Tipps und allgemeine Informationen \u00fcber Kitesurfen.\" \/>\n<meta name=\"robots\" content=\"index, follow, max-snippet:-1, max-image-preview:large, max-video-preview:-1\" \/>\n<link rel=\"canonical\" href=\"https:\/\/movementsports.nl\/de\/kitesurfen-niederlande\/ueber-kitesurfing\/\" \/>\n<meta property=\"og:locale\" content=\"de_DE\" \/>\n<meta property=\"og:type\" content=\"article\" \/>\n<meta property=\"og:title\" content=\"\u00dcber Kitesurfing | IKO Kiteschule Movement Sports Zeeland, Holland\" \/>\n<meta property=\"og:description\" content=\"Was ist Kitesurfing, gehst du Kitesurfen oder Windsurfen und worauf musst du achten? Au\u00dferdem Tipps und allgemeine Informationen \u00fcber Kitesurfen.\" \/>\n<meta property=\"og:url\" content=\"https:\/\/movementsports.nl\/de\/kitesurfen-niederlande\/ueber-kitesurfing\/\" \/>\n<meta property=\"og:site_name\" content=\"Aventuri Sports\" \/>\n<meta property=\"article:modified_time\" content=\"2022-03-09T18:05:25+00:00\" \/>\n<meta property=\"og:image\" content=\"https:\/\/movementsports.nl\/wp-content\/uploads\/2019\/02\/Kite-folder-foto.jpg\" \/>\n\t<meta property=\"og:image:width\" content=\"2048\" \/>\n\t<meta property=\"og:image:height\" content=\"1365\" \/>\n\t<meta property=\"og:image:type\" content=\"image\/jpeg\" \/>\n<meta name=\"twitter:card\" content=\"summary_large_image\" \/>\n<meta name=\"twitter:label1\" content=\"Gesch\u00e4tzte Lesezeit\" \/>\n\t<meta name=\"twitter:data1\" content=\"3\u00a0Minuten\" \/>\n<script type=\"application\/ld+json\" class=\"yoast-schema-graph\">{\"@context\":\"https:\/\/schema.org\",\"@graph\":[{\"@type\":\"WebPage\",\"@id\":\"https:\/\/movementsports.nl\/de\/kitesurfen-niederlande\/ueber-kitesurfing\/\",\"url\":\"https:\/\/movementsports.nl\/de\/kitesurfen-niederlande\/ueber-kitesurfing\/\",\"name\":\"\u00dcber Kitesurfing | IKO Kiteschule Movement Sports Zeeland, Holland\",\"isPartOf\":{\"@id\":\"https:\/\/mvmnt.aventuri.nl\/#website\"},\"primaryImageOfPage\":{\"@id\":\"https:\/\/movementsports.nl\/de\/kitesurfen-niederlande\/ueber-kitesurfing\/#primaryimage\"},\"image\":{\"@id\":\"https:\/\/movementsports.nl\/de\/kitesurfen-niederlande\/ueber-kitesurfing\/#primaryimage\"},\"thumbnailUrl\":\"https:\/\/mvmnt.aventuri.nl\/wp-content\/uploads\/2019\/02\/Kite-folder-foto.jpg\",\"datePublished\":\"2020-02-27T14:24:59+00:00\",\"dateModified\":\"2022-03-09T18:05:25+00:00\",\"description\":\"Was ist Kitesurfing, gehst du Kitesurfen oder Windsurfen und worauf musst du achten? Au\u00dferdem Tipps und allgemeine Informationen \u00fcber Kitesurfen.\",\"breadcrumb\":{\"@id\":\"https:\/\/movementsports.nl\/de\/kitesurfen-niederlande\/ueber-kitesurfing\/#breadcrumb\"},\"inLanguage\":\"de\",\"potentialAction\":[{\"@type\":\"ReadAction\",\"target\":[\"https:\/\/movementsports.nl\/de\/kitesurfen-niederlande\/ueber-kitesurfing\/\"]}]},{\"@type\":\"ImageObject\",\"inLanguage\":\"de\",\"@id\":\"https:\/\/movementsports.nl\/de\/kitesurfen-niederlande\/ueber-kitesurfing\/#primaryimage\",\"url\":\"https:\/\/mvmnt.aventuri.nl\/wp-content\/uploads\/2019\/02\/Kite-folder-foto.jpg\",\"contentUrl\":\"https:\/\/mvmnt.aventuri.nl\/wp-content\/uploads\/2019\/02\/Kite-folder-foto.jpg\",\"width\":2048,\"height\":1365},{\"@type\":\"BreadcrumbList\",\"@id\":\"https:\/\/movementsports.nl\/de\/kitesurfen-niederlande\/ueber-kitesurfing\/#breadcrumb\",\"itemListElement\":[{\"@type\":\"ListItem\",\"position\":1,\"name\":\"Home\",\"item\":\"https:\/\/movementsports.nl\/de\/\"},{\"@type\":\"ListItem\",\"position\":2,\"name\":\"Kitesurfen Niederlande\",\"item\":\"https:\/\/movementsports.nl\/de\/kitesurfen-niederlande\/\"},{\"@type\":\"ListItem\",\"position\":3,\"name\":\"\u00dcber Kitesurfing\"}]},{\"@type\":\"WebSite\",\"@id\":\"https:\/\/mvmnt.aventuri.nl\/#website\",\"url\":\"https:\/\/mvmnt.aventuri.nl\/\",\"name\":\"Aventuri Sports\",\"description\":\"Groepsactiviteiten, parakiten, kitesurfen en groepsreizen\",\"publisher\":{\"@id\":\"https:\/\/mvmnt.aventuri.nl\/#organization\"},\"potentialAction\":[{\"@type\":\"SearchAction\",\"target\":{\"@type\":\"EntryPoint\",\"urlTemplate\":\"https:\/\/mvmnt.aventuri.nl\/?s={search_term_string}\"},\"query-input\":{\"@type\":\"PropertyValueSpecification\",\"valueRequired\":true,\"valueName\":\"search_term_string\"}}],\"inLanguage\":\"de\"},{\"@type\":\"Organization\",\"@id\":\"https:\/\/mvmnt.aventuri.nl\/#organization\",\"name\":\"Aventuri Sports\",\"url\":\"https:\/\/mvmnt.aventuri.nl\/\",\"logo\":{\"@type\":\"ImageObject\",\"inLanguage\":\"de\",\"@id\":\"https:\/\/mvmnt.aventuri.nl\/#\/schema\/logo\/image\/\",\"url\":\"https:\/\/mvmnt.aventuri.nl\/wp-content\/uploads\/2026\/01\/cropped-Logo-AV.png\",\"contentUrl\":\"https:\/\/mvmnt.aventuri.nl\/wp-content\/uploads\/2026\/01\/cropped-Logo-AV.png\",\"width\":267,\"height\":290,\"caption\":\"Aventuri Sports\"},\"image\":{\"@id\":\"https:\/\/mvmnt.aventuri.nl\/#\/schema\/logo\/image\/\"}}]}<\/script>\n<!-- \/ Yoast SEO plugin. -->","yoast_head_json":{"title":"\u00dcber Kitesurfing | IKO Kiteschule Movement Sports Zeeland, Holland","description":"Was ist Kitesurfing, gehst du Kitesurfen oder Windsurfen und worauf musst du achten? Au\u00dferdem Tipps und allgemeine Informationen \u00fcber Kitesurfen.","robots":{"index":"index","follow":"follow","max-snippet":"max-snippet:-1","max-image-preview":"max-image-preview:large","max-video-preview":"max-video-preview:-1"},"canonical":"https:\/\/movementsports.nl\/de\/kitesurfen-niederlande\/ueber-kitesurfing\/","og_locale":"de_DE","og_type":"article","og_title":"\u00dcber Kitesurfing | IKO Kiteschule Movement Sports Zeeland, Holland","og_description":"Was ist Kitesurfing, gehst du Kitesurfen oder Windsurfen und worauf musst du achten? Au\u00dferdem Tipps und allgemeine Informationen \u00fcber Kitesurfen.","og_url":"https:\/\/movementsports.nl\/de\/kitesurfen-niederlande\/ueber-kitesurfing\/","og_site_name":"Aventuri Sports","article_modified_time":"2022-03-09T18:05:25+00:00","og_image":[{"width":2048,"height":1365,"url":"https:\/\/movementsports.nl\/wp-content\/uploads\/2019\/02\/Kite-folder-foto.jpg","type":"image\/jpeg"}],"twitter_card":"summary_large_image","twitter_misc":{"Gesch\u00e4tzte Lesezeit":"3\u00a0Minuten"},"schema":{"@context":"https:\/\/schema.org","@graph":[{"@type":"WebPage","@id":"https:\/\/movementsports.nl\/de\/kitesurfen-niederlande\/ueber-kitesurfing\/","url":"https:\/\/movementsports.nl\/de\/kitesurfen-niederlande\/ueber-kitesurfing\/","name":"\u00dcber Kitesurfing | IKO Kiteschule Movement Sports Zeeland, Holland","isPartOf":{"@id":"https:\/\/mvmnt.aventuri.nl\/#website"},"primaryImageOfPage":{"@id":"https:\/\/movementsports.nl\/de\/kitesurfen-niederlande\/ueber-kitesurfing\/#primaryimage"},"image":{"@id":"https:\/\/movementsports.nl\/de\/kitesurfen-niederlande\/ueber-kitesurfing\/#primaryimage"},"thumbnailUrl":"https:\/\/mvmnt.aventuri.nl\/wp-content\/uploads\/2019\/02\/Kite-folder-foto.jpg","datePublished":"2020-02-27T14:24:59+00:00","dateModified":"2022-03-09T18:05:25+00:00","description":"Was ist Kitesurfing, gehst du Kitesurfen oder Windsurfen und worauf musst du achten? Au\u00dferdem Tipps und allgemeine Informationen \u00fcber Kitesurfen.","breadcrumb":{"@id":"https:\/\/movementsports.nl\/de\/kitesurfen-niederlande\/ueber-kitesurfing\/#breadcrumb"},"inLanguage":"de","potentialAction":[{"@type":"ReadAction","target":["https:\/\/movementsports.nl\/de\/kitesurfen-niederlande\/ueber-kitesurfing\/"]}]},{"@type":"ImageObject","inLanguage":"de","@id":"https:\/\/movementsports.nl\/de\/kitesurfen-niederlande\/ueber-kitesurfing\/#primaryimage","url":"https:\/\/mvmnt.aventuri.nl\/wp-content\/uploads\/2019\/02\/Kite-folder-foto.jpg","contentUrl":"https:\/\/mvmnt.aventuri.nl\/wp-content\/uploads\/2019\/02\/Kite-folder-foto.jpg","width":2048,"height":1365},{"@type":"BreadcrumbList","@id":"https:\/\/movementsports.nl\/de\/kitesurfen-niederlande\/ueber-kitesurfing\/#breadcrumb","itemListElement":[{"@type":"ListItem","position":1,"name":"Home","item":"https:\/\/movementsports.nl\/de\/"},{"@type":"ListItem","position":2,"name":"Kitesurfen Niederlande","item":"https:\/\/movementsports.nl\/de\/kitesurfen-niederlande\/"},{"@type":"ListItem","position":3,"name":"\u00dcber Kitesurfing"}]},{"@type":"WebSite","@id":"https:\/\/mvmnt.aventuri.nl\/#website","url":"https:\/\/mvmnt.aventuri.nl\/","name":"Aventuri Sports","description":"Groepsactiviteiten, parakiten, kitesurfen en groepsreizen","publisher":{"@id":"https:\/\/mvmnt.aventuri.nl\/#organization"},"potentialAction":[{"@type":"SearchAction","target":{"@type":"EntryPoint","urlTemplate":"https:\/\/mvmnt.aventuri.nl\/?s={search_term_string}"},"query-input":{"@type":"PropertyValueSpecification","valueRequired":true,"valueName":"search_term_string"}}],"inLanguage":"de"},{"@type":"Organization","@id":"https:\/\/mvmnt.aventuri.nl\/#organization","name":"Aventuri Sports","url":"https:\/\/mvmnt.aventuri.nl\/","logo":{"@type":"ImageObject","inLanguage":"de","@id":"https:\/\/mvmnt.aventuri.nl\/#\/schema\/logo\/image\/","url":"https:\/\/mvmnt.aventuri.nl\/wp-content\/uploads\/2026\/01\/cropped-Logo-AV.png","contentUrl":"https:\/\/mvmnt.aventuri.nl\/wp-content\/uploads\/2026\/01\/cropped-Logo-AV.png","width":267,"height":290,"caption":"Aventuri Sports"},"image":{"@id":"https:\/\/mvmnt.aventuri.nl\/#\/schema\/logo\/image\/"}}]}},"_links":{"self":[{"href":"https:\/\/mvmnt.aventuri.nl\/de\/wp-json\/wp\/v2\/pages\/6689"}],"collection":[{"href":"https:\/\/mvmnt.aventuri.nl\/de\/wp-json\/wp\/v2\/pages"}],"about":[{"href":"https:\/\/mvmnt.aventuri.nl\/de\/wp-json\/wp\/v2\/types\/page"}],"author":[{"embeddable":true,"href":"https:\/\/mvmnt.aventuri.nl\/de\/wp-json\/wp\/v2\/users\/2"}],"replies":[{"embeddable":true,"href":"https:\/\/mvmnt.aventuri.nl\/de\/wp-json\/wp\/v2\/comments?post=6689"}],"version-history":[{"count":0,"href":"https:\/\/mvmnt.aventuri.nl\/de\/wp-json\/wp\/v2\/pages\/6689\/revisions"}],"up":[{"embeddable":true,"href":"https:\/\/mvmnt.aventuri.nl\/de\/wp-json\/wp\/v2\/pages\/6646"}],"wp:featuredmedia":[{"embeddable":true,"href":"https:\/\/mvmnt.aventuri.nl\/de\/wp-json\/wp\/v2\/media\/2471"}],"wp:attachment":[{"href":"https:\/\/mvmnt.aventuri.nl\/de\/wp-json\/wp\/v2\/media?parent=6689"}],"curies":[{"name":"wp","href":"https:\/\/api.w.org\/{rel}","templated":true}]}}