{"id":6684,"date":"2020-02-27T14:04:13","date_gmt":"2020-02-27T14:04:13","guid":{"rendered":"https:\/\/mvmnt.aventuri.nl\/?page_id=6684"},"modified":"2022-03-09T19:06:07","modified_gmt":"2022-03-09T18:06:07","slug":"iko-vdws-kiteschule-holland","status":"publish","type":"page","link":"https:\/\/mvmnt.aventuri.nl\/de\/kitesurfen-niederlande\/iko-vdws-kiteschule-holland\/","title":{"rendered":"IKO &#038; VDWS kiteschule Holland"},"content":{"rendered":"\n<h1 class=\"wp-block-heading\">IKO &amp; VDWS kiteschule Holland<\/h1>\n\n\n\n<p>Die Kiteschule Movement Sports arbeitet ausschlie\u00dflich mit zertifizierten TrainerInnen von VDWS International und IKO.<\/p>\n\n\n\n<br><br>\n\n\n\n<div class=\"wp-block-columns has-2-columns is-layout-flex wp-container-core-columns-is-layout-1 wp-block-columns-is-layout-flex\">\n<div class=\"wp-block-column is-layout-flow wp-block-column-is-layout-flow\">\n<h2 class=\"wp-block-heading\">IKO <\/h2>\n\n\n\n<p>IKO Kiteschule Movement Sports garantiert und ist bekannt f\u00fcr ihre sicheren, methodischen und gut aufgebauten Kitesurfkurse, die von zertifizierten und erfahrenen IKO-TrainerInnen geleitet werden. IKO steht f\u00fcr&nbsp;<a aria-label=\" (opent in een nieuwe tab)\" href=\"https:\/\/www.ikointl.com\/\" target=\"_blank\" rel=\"noreferrer noopener\">International Kiteboarding Organization&nbsp;<\/a> und ist weltweit der Marktf\u00fchrer auf dem Gebiet von Kitesurf-Ausbildungen. Sie bildet Kitesurf TrainerInnen aus, die den Kunden sicher und fachgerecht das Kitesurfen beibringen.&nbsp;IKO Kiteschule Movement Sports arbeitet nur mit zertifizierten und erfahrenen IKO-Kitesurf TrainerInnen und bildet selbst auch IKO-Kitesurf TrainerInnen aus.<\/p>\n<\/div>\n\n\n\n<div class=\"wp-block-column is-layout-flow wp-block-column-is-layout-flow\">\n<div class=\"wp-block-image\"><figure class=\"aligncenter\"><img loading=\"lazy\" decoding=\"async\" width=\"500\" height=\"250\" src=\"http:\/\/mvmnt.aventuri.nl\/wp-content\/uploads\/2019\/04\/iko.jpg\" alt=\"iko logo\" class=\"wp-image-3161\"\/><\/figure><\/div>\n<\/div>\n<\/div>\n\n\n\n<br>\n\n\n\n<div class=\"wp-block-columns has-2-columns is-layout-flex wp-container-core-columns-is-layout-2 wp-block-columns-is-layout-flex\">\n<div class=\"wp-block-column is-layout-flow wp-block-column-is-layout-flow\">\n<br>\n\n\n\n<h2 class=\"wp-block-heading\">VDWS International  <\/h2>\n\n\n\n<p><a href=\"https:\/\/www.vdws.de\/en\" target=\"_blank\" rel=\"noreferrer noopener\">VDWS International<\/a> bildet TrainerInnen f\u00fcr diverse Wassersportarten aus, darunter auch f\u00fcr das Kitesurfing. Sie stehen f\u00fcr Qualit\u00e4t im Wassersport. In der Ausbildung zum Kitesurf TrainerIn m\u00fcssen 7 Levels durchlaufen werden, zus\u00e4tzlich zum theoretischen Teil. Klicke hier f\u00fcr weitere Informationen.<\/p>\n<\/div>\n\n\n\n<div class=\"wp-block-column is-layout-flow wp-block-column-is-layout-flow\">\n<div class=\"wp-block-image\"><figure class=\"aligncenter\"><img loading=\"lazy\" decoding=\"async\" width=\"500\" height=\"250\" src=\"http:\/\/mvmnt.aventuri.nl\/wp-content\/uploads\/2019\/04\/vwds.jpg\" alt=\"vwds logo\" class=\"wp-image-3165\"\/><\/figure><\/div>\n<\/div>\n<\/div>\n\n\n\n<br><br>\n\n\n\n<div class=\"content-postlist\">\n\t<div class=\"content-postlist-container clear\">\n\t\t\t\t\n\t\t<div class=\"postlist-item postlist-intro\" style=\"\">\n\t\t\t<h4>Kitesurfkurs folgen?<\/h4>\n\t\t\t<p><p>Hier finden Sie weitere Informationen zum Kitesurfkurse.<\/p>\n<\/p>\n\t\t\t\t\t\t<a href=\"\/de\/kitesurfen-niederlande\/\" class=\"postlist-link\"><span class=\"icon-angle-double-right link-icon\"><\/span>Kitesurfkurse Niederland<\/a>\t\t\t\n\t\t\t\t\t<\/div>\n\t\t\t\t<div class=\"postlist-item\"><div class=\"postlist-item-con\"><img loading=\"lazy\" decoding=\"async\" width=\"600\" height=\"600\" src=\"https:\/\/mvmnt.aventuri.nl\/wp-content\/uploads\/2019\/05\/20190504-movementsports-kite-255-600x600.jpg\" class=\"attachment-thumbnail size-thumbnail wp-post-image\" alt=\"\" \/><a href=\"https:\/\/mvmnt.aventuri.nl\/de\/kitesurfen-niederlande\/\" class=\"postlist-item-text\"><h5>Kitesurfen Niederlande<\/h5><\/a><\/div><\/div><div class=\"postlist-item\"><div class=\"postlist-item-con\"><img loading=\"lazy\" decoding=\"async\" width=\"600\" height=\"600\" src=\"https:\/\/mvmnt.aventuri.nl\/wp-content\/uploads\/2019\/02\/Kiteles-5-600x600.jpg\" class=\"attachment-thumbnail size-thumbnail wp-post-image\" alt=\"\" \/><a href=\"https:\/\/mvmnt.aventuri.nl\/de\/kitesurfen-niederlande\/faq-kitesurfkurs-zeeland\/\" class=\"postlist-item-text\"><h5>FAQ Kitesurfkurs Zeeland<\/h5><\/a><\/div><\/div><div class=\"postlist-item\"><div class=\"postlist-item-con\"><img loading=\"lazy\" decoding=\"async\" width=\"600\" height=\"600\" src=\"https:\/\/mvmnt.aventuri.nl\/wp-content\/uploads\/2019\/02\/Surf-folder-foto-600x600.jpg\" class=\"attachment-thumbnail size-thumbnail wp-post-image\" alt=\"\" \/><a href=\"https:\/\/mvmnt.aventuri.nl\/de\/kitesurfen-niederlande\/warum-kiten-lernen\/\" class=\"postlist-item-text\"><h5>Warum Kiten Lernen?<\/h5><\/a><\/div><\/div>\t<\/div>\n<\/div>\n\n\n\n<div class=\"content-postlist\">\n\t<div class=\"content-postlist-container clear\">\n\t\t\t\t\n\t\t<div class=\"postlist-item postlist-intro\" style=\"\">\n\t\t\t<h4>Allgemeine Informationen<\/h4>\n\t\t\t<p><p><span>Hier finden Sie allgemeine Informationen zum Kitesurfen<\/span><\/p>\n<\/p>\n\t\t\t\t\t\t<a href=\"\/de\/kitesurfen-niederlande\/\" class=\"postlist-link\"><span class=\"icon-angle-double-right link-icon\"><\/span>Kitesurfkurse Niederland<\/a>\t\t\t\n\t\t\t\t\t<\/div>\n\t\t\t\t<div class=\"postlist-item\"><div class=\"postlist-item-con\"><img loading=\"lazy\" decoding=\"async\" width=\"600\" height=\"600\" src=\"https:\/\/mvmnt.aventuri.nl\/wp-content\/uploads\/2019\/02\/Kite-folder-foto-600x600.jpg\" class=\"attachment-thumbnail size-thumbnail wp-post-image\" alt=\"\" \/><a href=\"https:\/\/mvmnt.aventuri.nl\/de\/kitesurfen-niederlande\/ueber-kitesurfing\/\" class=\"postlist-item-text\"><h5>\u00dcber Kitesurfing<\/h5><\/a><\/div><\/div><div class=\"postlist-item\"><div class=\"postlist-item-con\"><img loading=\"lazy\" decoding=\"async\" width=\"600\" height=\"600\" src=\"https:\/\/mvmnt.aventuri.nl\/wp-content\/uploads\/2019\/02\/Kiteles-4-600x600.jpg\" class=\"attachment-thumbnail size-thumbnail wp-post-image\" alt=\"\" \/><a href=\"https:\/\/mvmnt.aventuri.nl\/de\/kitesurfen-niederlande\/kitesurfen-regeln\/\" class=\"postlist-item-text\"><h5>Kitesurfen-Regeln<\/h5><\/a><\/div><\/div><div class=\"postlist-item\"><div class=\"postlist-item-con\"><img loading=\"lazy\" decoding=\"async\" width=\"600\" height=\"600\" src=\"https:\/\/mvmnt.aventuri.nl\/wp-content\/uploads\/2019\/02\/Kiteles-2-600x600.jpg\" class=\"attachment-thumbnail size-thumbnail wp-post-image\" alt=\"\" \/><a href=\"https:\/\/mvmnt.aventuri.nl\/de\/kitesurfen-niederlande\/kite-ausruestung\/\" class=\"postlist-item-text\"><h5>Kite-ausr\u00fcstung<\/h5><\/a><\/div><\/div>\t<\/div>\n<\/div>\n\n\n\n<div class=\"content-prijslijst alignfull\" style=\"background-color: #00aeef; \">\n\t<div class=\"content-prijslijst-container clear\">\n\t\t<div class=\"prijslijst-item\"><div class=\"prijslijst-item-con\" style=\"background-color: #ffffff;\"><h5 style=\"color: #00aeef;\">Kitesurfkurs Privat<\/h5><span style=\"color: #00aeef;\" class=\"prijslijst-icon\"><span class=\"icon-male\"><\/span><\/span><span class=\"omschrijving\"><p><span>Ein oder mehrere Kitesurfkurse ganz zugeschnitten auf Ihr Niveau!<\/span><\/p>\n<\/span><div class=\"prijs\">&euro;160<span class=\"prijs-sub\">2,5 Stunden<\/span><\/div><a class=\"link\" style=\"background-color: #00aeef; color: #ffffff;\" \" href=\"\/de\/kitesurfen-niederlande\/privat-kitekurs-zeeland\/\">Lesen Sie mehr<\/a><\/div><\/div><div class=\"prijslijst-item\"><div class=\"prijslijst-item-con\" style=\"background-color: #ffffff;\"><h5 style=\"color: #00aeef;\">Kitesurfkurs Duo<\/h5><span style=\"color: #00aeef;\" class=\"prijslijst-icon\"><span class=\"icon-male\"><\/span><span class=\"icon-male\"><\/span><\/span><span class=\"omschrijving\"><p><span>Kitesurfen lernen in Gruppe von 2 Personnen.<\/span><\/p>\n<\/span><div class=\"prijs\">&euro;100<span class=\"prijs-sub\">2,5 Stunden<\/span><\/div><a class=\"link\" style=\"background-color: #00aeef; color: #ffffff;\" \" href=\"\/de\/kitesurfen-niederlande\/kitesurfkurs-duo-zeeland\/\">Lesen Sie mehr<\/a><\/div><\/div><div class=\"prijslijst-item\"><div class=\"prijslijst-item-con\" style=\"background-color: #ffffff;\"><h5 style=\"color: #00aeef;\">Kitesurfkurs Gruppen<\/h5><span style=\"color: #00aeef;\" class=\"prijslijst-icon\"><span class=\"icon-male\"><\/span><span class=\"icon-male\"><\/span><span class=\"icon-male\"><\/span><\/span><span class=\"omschrijving\"><p>Leer samen kitesurfen in een groepje van 3 personen<\/p>\n<\/span><div class=\"prijs\">&euro;90<span class=\"prijs-sub\">2,5 Stunden<\/span><\/div><a class=\"link\" style=\"background-color: #00aeef; color: #ffffff;\" \" href=\"\/de\/kitesurfen-niederlande\/kitekurs-gruppen-zeeland\/\">Lesen Sie mehr<\/a><\/div><\/div><div class=\"prijslijst-item\"><div class=\"prijslijst-item-con\" style=\"background-color: #ffffff;\"><h5 style=\"color: #00aeef;\">Kitesurfkurs Kids<\/h5><span style=\"color: #00aeef;\" class=\"prijslijst-icon\"><span class=\"icon-child\"><\/span><\/span><span class=\"omschrijving\"><p><span>Kitesurfen lernen nur f\u00fcr Kinder.<\/span><\/p>\n<\/span><div class=\"prijs\">&euro;80<span class=\"prijs-sub\">2,5 Stunden<\/span><\/div><a class=\"link\" style=\"background-color: #00aeef; color: #ffffff;\" \" href=\"\/de\/kitesurfen-niederlande\/kitesurfkurs-kids-zeeland\/\">Lesen Sie mehrr<\/a><\/div><\/div>\t<\/div>\n<\/div>\n","protected":false},"excerpt":{"rendered":"<p>IKO &amp; VDWS kiteschule Holland Die Kiteschule Movement Sports arbeitet ausschlie\u00dflich mit zertifizierten TrainerInnen von VDWS International und IKO. IKO IKO Kiteschule Movement Sports garantiert und ist bekannt f\u00fcr ihre sicheren, methodischen und gut aufgebauten Kitesurfkurse, die von zertifizierten und erfahrenen IKO-TrainerInnen geleitet werden. IKO steht f\u00fcr&nbsp;International Kiteboarding Organization&nbsp; und ist weltweit der Marktf\u00fchrer auf [&hellip;]<\/p>\n","protected":false},"author":2,"featured_media":2636,"parent":6646,"menu_order":0,"comment_status":"closed","ping_status":"closed","template":"","meta":{"_acf_changed":false,"footnotes":""},"class_list":["post-6684","page","type-page","status-publish","has-post-thumbnail","hentry"],"acf":[],"yoast_head":"<!-- This site is optimized with the Yoast SEO plugin v25.6 - https:\/\/yoast.com\/wordpress\/plugins\/seo\/ -->\n<title>IKO &amp; VDWS kiteschule Holland | Kiteschule Movement Sports Zeeland<\/title>\n<meta name=\"description\" content=\"Die Kiteschule Movement Sports Holland arbeitet ausschlie\u00dflich mit zertifizierten TrainerInnen von VDWS International und IKO.\" \/>\n<meta name=\"robots\" content=\"index, follow, max-snippet:-1, max-image-preview:large, max-video-preview:-1\" \/>\n<link rel=\"canonical\" href=\"https:\/\/movementsports.nl\/de\/kitesurfen-niederlande\/iko-vdws-kiteschule-holland\/\" \/>\n<meta property=\"og:locale\" content=\"de_DE\" \/>\n<meta property=\"og:type\" content=\"article\" \/>\n<meta property=\"og:title\" content=\"IKO &amp; VDWS kiteschule Holland | Kiteschule Movement Sports Zeeland\" \/>\n<meta property=\"og:description\" content=\"Die Kiteschule Movement Sports Holland arbeitet ausschlie\u00dflich mit zertifizierten TrainerInnen von VDWS International und IKO.\" \/>\n<meta property=\"og:url\" content=\"https:\/\/movementsports.nl\/de\/kitesurfen-niederlande\/iko-vdws-kiteschule-holland\/\" \/>\n<meta property=\"og:site_name\" content=\"Aventuri Sports\" \/>\n<meta property=\"article:modified_time\" content=\"2022-03-09T18:06:07+00:00\" \/>\n<meta property=\"og:image\" content=\"https:\/\/movementsports.nl\/wp-content\/uploads\/2019\/02\/Vera-kite-roompot.jpg\" \/>\n\t<meta property=\"og:image:width\" content=\"2048\" \/>\n\t<meta property=\"og:image:height\" content=\"1365\" \/>\n\t<meta property=\"og:image:type\" content=\"image\/jpeg\" \/>\n<meta name=\"twitter:card\" content=\"summary_large_image\" \/>\n<meta name=\"twitter:label1\" content=\"Gesch\u00e4tzte Lesezeit\" \/>\n\t<meta name=\"twitter:data1\" content=\"2\u00a0Minuten\" \/>\n<script type=\"application\/ld+json\" class=\"yoast-schema-graph\">{\"@context\":\"https:\/\/schema.org\",\"@graph\":[{\"@type\":\"WebPage\",\"@id\":\"https:\/\/movementsports.nl\/de\/kitesurfen-niederlande\/iko-vdws-kiteschule-holland\/\",\"url\":\"https:\/\/movementsports.nl\/de\/kitesurfen-niederlande\/iko-vdws-kiteschule-holland\/\",\"name\":\"IKO & VDWS kiteschule Holland | Kiteschule Movement Sports Zeeland\",\"isPartOf\":{\"@id\":\"https:\/\/mvmnt.aventuri.nl\/#website\"},\"primaryImageOfPage\":{\"@id\":\"https:\/\/movementsports.nl\/de\/kitesurfen-niederlande\/iko-vdws-kiteschule-holland\/#primaryimage\"},\"image\":{\"@id\":\"https:\/\/movementsports.nl\/de\/kitesurfen-niederlande\/iko-vdws-kiteschule-holland\/#primaryimage\"},\"thumbnailUrl\":\"https:\/\/mvmnt.aventuri.nl\/wp-content\/uploads\/2019\/02\/Vera-kite-roompot.jpg\",\"datePublished\":\"2020-02-27T14:04:13+00:00\",\"dateModified\":\"2022-03-09T18:06:07+00:00\",\"description\":\"Die Kiteschule Movement Sports Holland arbeitet ausschlie\u00dflich mit zertifizierten TrainerInnen von VDWS International und IKO.\",\"breadcrumb\":{\"@id\":\"https:\/\/movementsports.nl\/de\/kitesurfen-niederlande\/iko-vdws-kiteschule-holland\/#breadcrumb\"},\"inLanguage\":\"de\",\"potentialAction\":[{\"@type\":\"ReadAction\",\"target\":[\"https:\/\/movementsports.nl\/de\/kitesurfen-niederlande\/iko-vdws-kiteschule-holland\/\"]}]},{\"@type\":\"ImageObject\",\"inLanguage\":\"de\",\"@id\":\"https:\/\/movementsports.nl\/de\/kitesurfen-niederlande\/iko-vdws-kiteschule-holland\/#primaryimage\",\"url\":\"https:\/\/mvmnt.aventuri.nl\/wp-content\/uploads\/2019\/02\/Vera-kite-roompot.jpg\",\"contentUrl\":\"https:\/\/mvmnt.aventuri.nl\/wp-content\/uploads\/2019\/02\/Vera-kite-roompot.jpg\",\"width\":2048,\"height\":1365},{\"@type\":\"BreadcrumbList\",\"@id\":\"https:\/\/movementsports.nl\/de\/kitesurfen-niederlande\/iko-vdws-kiteschule-holland\/#breadcrumb\",\"itemListElement\":[{\"@type\":\"ListItem\",\"position\":1,\"name\":\"Home\",\"item\":\"https:\/\/movementsports.nl\/de\/\"},{\"@type\":\"ListItem\",\"position\":2,\"name\":\"Kitesurfen Niederlande\",\"item\":\"https:\/\/movementsports.nl\/de\/kitesurfen-niederlande\/\"},{\"@type\":\"ListItem\",\"position\":3,\"name\":\"IKO &#038; VDWS kiteschule Holland\"}]},{\"@type\":\"WebSite\",\"@id\":\"https:\/\/mvmnt.aventuri.nl\/#website\",\"url\":\"https:\/\/mvmnt.aventuri.nl\/\",\"name\":\"Aventuri Sports\",\"description\":\"Groepsactiviteiten, parakiten, kitesurfen en groepsreizen\",\"publisher\":{\"@id\":\"https:\/\/mvmnt.aventuri.nl\/#organization\"},\"potentialAction\":[{\"@type\":\"SearchAction\",\"target\":{\"@type\":\"EntryPoint\",\"urlTemplate\":\"https:\/\/mvmnt.aventuri.nl\/?s={search_term_string}\"},\"query-input\":{\"@type\":\"PropertyValueSpecification\",\"valueRequired\":true,\"valueName\":\"search_term_string\"}}],\"inLanguage\":\"de\"},{\"@type\":\"Organization\",\"@id\":\"https:\/\/mvmnt.aventuri.nl\/#organization\",\"name\":\"Aventuri Sports\",\"url\":\"https:\/\/mvmnt.aventuri.nl\/\",\"logo\":{\"@type\":\"ImageObject\",\"inLanguage\":\"de\",\"@id\":\"https:\/\/mvmnt.aventuri.nl\/#\/schema\/logo\/image\/\",\"url\":\"https:\/\/mvmnt.aventuri.nl\/wp-content\/uploads\/2026\/01\/cropped-Logo-AV.png\",\"contentUrl\":\"https:\/\/mvmnt.aventuri.nl\/wp-content\/uploads\/2026\/01\/cropped-Logo-AV.png\",\"width\":267,\"height\":290,\"caption\":\"Aventuri Sports\"},\"image\":{\"@id\":\"https:\/\/mvmnt.aventuri.nl\/#\/schema\/logo\/image\/\"}}]}<\/script>\n<!-- \/ Yoast SEO plugin. -->","yoast_head_json":{"title":"IKO & VDWS kiteschule Holland | Kiteschule Movement Sports Zeeland","description":"Die Kiteschule Movement Sports Holland arbeitet ausschlie\u00dflich mit zertifizierten TrainerInnen von VDWS International und IKO.","robots":{"index":"index","follow":"follow","max-snippet":"max-snippet:-1","max-image-preview":"max-image-preview:large","max-video-preview":"max-video-preview:-1"},"canonical":"https:\/\/movementsports.nl\/de\/kitesurfen-niederlande\/iko-vdws-kiteschule-holland\/","og_locale":"de_DE","og_type":"article","og_title":"IKO & VDWS kiteschule Holland | Kiteschule Movement Sports Zeeland","og_description":"Die Kiteschule Movement Sports Holland arbeitet ausschlie\u00dflich mit zertifizierten TrainerInnen von VDWS International und IKO.","og_url":"https:\/\/movementsports.nl\/de\/kitesurfen-niederlande\/iko-vdws-kiteschule-holland\/","og_site_name":"Aventuri Sports","article_modified_time":"2022-03-09T18:06:07+00:00","og_image":[{"width":2048,"height":1365,"url":"https:\/\/movementsports.nl\/wp-content\/uploads\/2019\/02\/Vera-kite-roompot.jpg","type":"image\/jpeg"}],"twitter_card":"summary_large_image","twitter_misc":{"Gesch\u00e4tzte Lesezeit":"2\u00a0Minuten"},"schema":{"@context":"https:\/\/schema.org","@graph":[{"@type":"WebPage","@id":"https:\/\/movementsports.nl\/de\/kitesurfen-niederlande\/iko-vdws-kiteschule-holland\/","url":"https:\/\/movementsports.nl\/de\/kitesurfen-niederlande\/iko-vdws-kiteschule-holland\/","name":"IKO & VDWS kiteschule Holland | Kiteschule Movement Sports Zeeland","isPartOf":{"@id":"https:\/\/mvmnt.aventuri.nl\/#website"},"primaryImageOfPage":{"@id":"https:\/\/movementsports.nl\/de\/kitesurfen-niederlande\/iko-vdws-kiteschule-holland\/#primaryimage"},"image":{"@id":"https:\/\/movementsports.nl\/de\/kitesurfen-niederlande\/iko-vdws-kiteschule-holland\/#primaryimage"},"thumbnailUrl":"https:\/\/mvmnt.aventuri.nl\/wp-content\/uploads\/2019\/02\/Vera-kite-roompot.jpg","datePublished":"2020-02-27T14:04:13+00:00","dateModified":"2022-03-09T18:06:07+00:00","description":"Die Kiteschule Movement Sports Holland arbeitet ausschlie\u00dflich mit zertifizierten TrainerInnen von VDWS International und IKO.","breadcrumb":{"@id":"https:\/\/movementsports.nl\/de\/kitesurfen-niederlande\/iko-vdws-kiteschule-holland\/#breadcrumb"},"inLanguage":"de","potentialAction":[{"@type":"ReadAction","target":["https:\/\/movementsports.nl\/de\/kitesurfen-niederlande\/iko-vdws-kiteschule-holland\/"]}]},{"@type":"ImageObject","inLanguage":"de","@id":"https:\/\/movementsports.nl\/de\/kitesurfen-niederlande\/iko-vdws-kiteschule-holland\/#primaryimage","url":"https:\/\/mvmnt.aventuri.nl\/wp-content\/uploads\/2019\/02\/Vera-kite-roompot.jpg","contentUrl":"https:\/\/mvmnt.aventuri.nl\/wp-content\/uploads\/2019\/02\/Vera-kite-roompot.jpg","width":2048,"height":1365},{"@type":"BreadcrumbList","@id":"https:\/\/movementsports.nl\/de\/kitesurfen-niederlande\/iko-vdws-kiteschule-holland\/#breadcrumb","itemListElement":[{"@type":"ListItem","position":1,"name":"Home","item":"https:\/\/movementsports.nl\/de\/"},{"@type":"ListItem","position":2,"name":"Kitesurfen Niederlande","item":"https:\/\/movementsports.nl\/de\/kitesurfen-niederlande\/"},{"@type":"ListItem","position":3,"name":"IKO &#038; VDWS kiteschule Holland"}]},{"@type":"WebSite","@id":"https:\/\/mvmnt.aventuri.nl\/#website","url":"https:\/\/mvmnt.aventuri.nl\/","name":"Aventuri Sports","description":"Groepsactiviteiten, parakiten, kitesurfen en groepsreizen","publisher":{"@id":"https:\/\/mvmnt.aventuri.nl\/#organization"},"potentialAction":[{"@type":"SearchAction","target":{"@type":"EntryPoint","urlTemplate":"https:\/\/mvmnt.aventuri.nl\/?s={search_term_string}"},"query-input":{"@type":"PropertyValueSpecification","valueRequired":true,"valueName":"search_term_string"}}],"inLanguage":"de"},{"@type":"Organization","@id":"https:\/\/mvmnt.aventuri.nl\/#organization","name":"Aventuri Sports","url":"https:\/\/mvmnt.aventuri.nl\/","logo":{"@type":"ImageObject","inLanguage":"de","@id":"https:\/\/mvmnt.aventuri.nl\/#\/schema\/logo\/image\/","url":"https:\/\/mvmnt.aventuri.nl\/wp-content\/uploads\/2026\/01\/cropped-Logo-AV.png","contentUrl":"https:\/\/mvmnt.aventuri.nl\/wp-content\/uploads\/2026\/01\/cropped-Logo-AV.png","width":267,"height":290,"caption":"Aventuri Sports"},"image":{"@id":"https:\/\/mvmnt.aventuri.nl\/#\/schema\/logo\/image\/"}}]}},"_links":{"self":[{"href":"https:\/\/mvmnt.aventuri.nl\/de\/wp-json\/wp\/v2\/pages\/6684"}],"collection":[{"href":"https:\/\/mvmnt.aventuri.nl\/de\/wp-json\/wp\/v2\/pages"}],"about":[{"href":"https:\/\/mvmnt.aventuri.nl\/de\/wp-json\/wp\/v2\/types\/page"}],"author":[{"embeddable":true,"href":"https:\/\/mvmnt.aventuri.nl\/de\/wp-json\/wp\/v2\/users\/2"}],"replies":[{"embeddable":true,"href":"https:\/\/mvmnt.aventuri.nl\/de\/wp-json\/wp\/v2\/comments?post=6684"}],"version-history":[{"count":0,"href":"https:\/\/mvmnt.aventuri.nl\/de\/wp-json\/wp\/v2\/pages\/6684\/revisions"}],"up":[{"embeddable":true,"href":"https:\/\/mvmnt.aventuri.nl\/de\/wp-json\/wp\/v2\/pages\/6646"}],"wp:featuredmedia":[{"embeddable":true,"href":"https:\/\/mvmnt.aventuri.nl\/de\/wp-json\/wp\/v2\/media\/2636"}],"wp:attachment":[{"href":"https:\/\/mvmnt.aventuri.nl\/de\/wp-json\/wp\/v2\/media?parent=6684"}],"curies":[{"name":"wp","href":"https:\/\/api.w.org\/{rel}","templated":true}]}}